{"id":54,"date":"2023-01-17T10:02:36","date_gmt":"2023-01-17T10:02:36","guid":{"rendered":"https:\/\/bugaderiagarraf.com\/nueva\/?page_id=54"},"modified":"2026-03-09T11:59:54","modified_gmt":"2026-03-09T11:59:54","slug":"serveis","status":"publish","type":"page","link":"https:\/\/bugaderiagarraf.com\/es\/serveis\/","title":{"rendered":"Servicios"},"content":{"rendered":"<div class=\"fusion-fullwidth fullwidth-box fusion-builder-row-1 fusion-flex-container has-pattern-background has-mask-background nonhundred-percent-fullwidth non-hundred-percent-height-scrolling\" style=\"--awb-border-radius-top-left:0px;--awb-border-radius-top-right:0px;--awb-border-radius-bottom-right:0px;--awb-border-radius-bottom-left:0px;--awb-flex-wrap:wrap;\" ><div class=\"fusion-builder-row fusion-row fusion-flex-align-items-flex-start fusion-flex-content-wrap\" style=\"max-width:1248px;margin-left: calc(-4% \/ 2 );margin-right: calc(-4% \/ 2 );\"><div class=\"fusion-layout-column fusion_builder_column fusion-builder-column-0 fusion_builder_column_1_2 1_2 fusion-flex-column\" style=\"--awb-bg-size:cover;--awb-width-large:50%;--awb-margin-top-large:0px;--awb-spacing-right-large:3.84%;--awb-margin-bottom-large:20px;--awb-spacing-left-large:3.84%;--awb-width-medium:50%;--awb-order-medium:0;--awb-spacing-right-medium:3.84%;--awb-spacing-left-medium:3.84%;--awb-width-small:100%;--awb-order-small:0;--awb-spacing-right-small:1.92%;--awb-spacing-left-small:1.92%;\"><div class=\"fusion-column-wrapper fusion-column-has-shadow fusion-flex-justify-content-flex-start fusion-content-layout-column\"><div class=\"fusion-image-element\" style=\"--awb-caption-title-font-family:var(--h2_typography-font-family);--awb-caption-title-font-weight:var(--h2_typography-font-weight);--awb-caption-title-font-style:var(--h2_typography-font-style);--awb-caption-title-size:var(--h2_typography-font-size);--awb-caption-title-transform:var(--h2_typography-text-transform);--awb-caption-title-line-height:var(--h2_typography-line-height);--awb-caption-title-letter-spacing:var(--h2_typography-letter-spacing);\"><span class=\"fusion-imageframe imageframe-none imageframe-1 hover-type-none\"><img decoding=\"async\" width=\"500\" height=\"603\" title=\"serveis (1)\" src=\"https:\/\/bugaderiagarraf.com\/wp-content\/uploads\/2023\/01\/serveis-1.jpg\" data-orig-src=\"https:\/\/bugaderiagarraf.com\/wp-content\/uploads\/2023\/01\/serveis-1.jpg\" alt class=\"lazyload img-responsive wp-image-56\" srcset=\"data:image\/svg+xml,%3Csvg%20xmlns%3D%27http%3A%2F%2Fwww.w3.org%2F2000%2Fsvg%27%20width%3D%27500%27%20height%3D%27603%27%20viewBox%3D%270%200%20500%20603%27%3E%3Crect%20width%3D%27500%27%20height%3D%27603%27%20fill-opacity%3D%220%22%2F%3E%3C%2Fsvg%3E\" data-srcset=\"https:\/\/bugaderiagarraf.com\/wp-content\/uploads\/2023\/01\/serveis-1-200x241.jpg 200w, https:\/\/bugaderiagarraf.com\/wp-content\/uploads\/2023\/01\/serveis-1-400x482.jpg 400w, https:\/\/bugaderiagarraf.com\/wp-content\/uploads\/2023\/01\/serveis-1.jpg 500w\" data-sizes=\"auto\" data-orig-sizes=\"(max-width: 640px) 100vw, 500px\" \/><\/span><\/div><\/div><\/div><div class=\"fusion-layout-column fusion_builder_column fusion-builder-column-1 fusion_builder_column_1_2 1_2 fusion-flex-column\" style=\"--awb-bg-size:cover;--awb-width-large:50%;--awb-margin-top-large:0px;--awb-spacing-right-large:3.84%;--awb-margin-bottom-large:20px;--awb-spacing-left-large:3.84%;--awb-width-medium:50%;--awb-order-medium:0;--awb-spacing-right-medium:3.84%;--awb-spacing-left-medium:3.84%;--awb-width-small:100%;--awb-order-small:0;--awb-spacing-right-small:1.92%;--awb-spacing-left-small:1.92%;\"><div class=\"fusion-column-wrapper fusion-column-has-shadow fusion-flex-justify-content-flex-start fusion-content-layout-column\"><div class=\"fusion-text fusion-text-1\"><p>A\u00a0<strong>Lavander\u00eda Industrial Garraf<\/strong>\u00a0nos caracterizamos por ser una empresa con amplia experiencia en el lavado y alquiler de tejidos industriales, ofreciendo un servicio a medida de las necesidades de tu empresa. Nuestros servicios van dirigidos a todo tipo de empresas que necesiten lavado, secado, planchado y plegado de ropa. Nos focalizamos tanto en el campo de la hosteler\u00eda (hoteles, restaurantes y centros deportivos). Con 24 a\u00f1os de experiencia, Lavander\u00eda Industrial Garraf, se ha convertido en un referente en la comarca ya que ofrece a sus clientes un servicio de primera con unos est\u00e1ndares de calidad que satisfacen las expectativas de las personas que solicitan nuestros servicios.<\/p>\n<\/div><div class=\"fusion-content-boxes content-boxes columns row fusion-columns-1 fusion-columns-total-2 fusion-content-boxes-1 content-boxes-icon-with-title content-left\" style=\"--awb-hover-accent-color:var(--awb-color4);--awb-circle-hover-accent-color:transparent;--awb-item-margin-bottom:40px;\" data-animationoffset=\"top-into-view\"><div style=\"--awb-backgroundcolor:rgba(255,255,255,0);\" class=\"fusion-column content-box-column content-box-column content-box-column-1 col-lg-12 col-md-12 col-sm-12 fusion-content-box-hover content-box-column-last-in-row\"><div class=\"col content-box-wrapper content-wrapper link-area-link-icon content-icon-wrapper-yes icon-hover-animation-fade\" data-animationoffset=\"top-into-view\"><div class=\"heading heading-with-icon icon-left\"><div class=\"icon\"><span ><i style=\"background-color:transparent;border-color:transparent;height:auto;width: 20px;line-height:normal;font-size:20px;\" aria-hidden=\"true\" class=\"fontawesome-icon fa-hotel fas circle-no\"><\/i><\/span><\/div><h2 class=\"content-box-heading\" style=\"--h2_typography-font-size:20px;line-height:25px;\">Hoteles<\/h2><\/div><div class=\"fusion-clearfix\"><\/div><div class=\"content-container\">\n<p>En el \u00e1mbito hotelero la lavander\u00eda tiene un papel crucial puesto que constituye un servicio elemental para los hu\u00e9spedes. La pulcritud en las s\u00e1banas, las toallas y en todas las ropas que forman parte del hotel no es un valor a\u00f1adido, sino que es un valor imprescindible para cualquier cliente.<\/p>\n<\/div><\/div><\/div><div style=\"--awb-backgroundcolor:rgba(255,255,255,0);\" class=\"fusion-column content-box-column content-box-column content-box-column-2 col-lg-12 col-md-12 col-sm-12 fusion-content-box-hover content-box-column-last content-box-column-last-in-row\"><div class=\"col content-box-wrapper content-wrapper link-area-link-icon content-icon-wrapper-yes icon-hover-animation-fade\" data-animationoffset=\"top-into-view\"><div class=\"heading heading-with-icon icon-left\"><div class=\"icon\"><span ><i style=\"background-color:transparent;border-color:transparent;height:auto;width: 20px;line-height:normal;font-size:20px;\" aria-hidden=\"true\" class=\"fontawesome-icon fa-utensils fas circle-no\"><\/i><\/span><\/div><h2 class=\"content-box-heading\" style=\"--h2_typography-font-size:20px;line-height:25px;\">Restaurantes<\/h2><\/div><div class=\"fusion-clearfix\"><\/div><div class=\"content-container\">\n<p>La Hosteler\u00eda es una de nuestras especialidades. El ritmo fren\u00e9tico de los bares y restaurantes nos obliga a lavar juegos de mesa, ropa de cocina, ... de manera r\u00e1pida y con la m\u00e1xima eficacia para que todo est\u00e9 listo para cada comida.<\/p>\n<\/div><\/div><\/div><div class=\"fusion-clearfix\"><\/div><\/div><\/div><\/div><\/div><\/div>","protected":false},"excerpt":{"rendered":"","protected":false},"author":1,"featured_media":0,"parent":0,"menu_order":0,"comment_status":"closed","ping_status":"closed","template":"100-width.php","meta":{"footnotes":""},"class_list":["post-54","page","type-page","status-publish","hentry"],"_links":{"self":[{"href":"https:\/\/bugaderiagarraf.com\/es\/wp-json\/wp\/v2\/pages\/54","targetHints":{"allow":["GET"]}}],"collection":[{"href":"https:\/\/bugaderiagarraf.com\/es\/wp-json\/wp\/v2\/pages"}],"about":[{"href":"https:\/\/bugaderiagarraf.com\/es\/wp-json\/wp\/v2\/types\/page"}],"author":[{"embeddable":true,"href":"https:\/\/bugaderiagarraf.com\/es\/wp-json\/wp\/v2\/users\/1"}],"replies":[{"embeddable":true,"href":"https:\/\/bugaderiagarraf.com\/es\/wp-json\/wp\/v2\/comments?post=54"}],"version-history":[{"count":5,"href":"https:\/\/bugaderiagarraf.com\/es\/wp-json\/wp\/v2\/pages\/54\/revisions"}],"predecessor-version":[{"id":62,"href":"https:\/\/bugaderiagarraf.com\/es\/wp-json\/wp\/v2\/pages\/54\/revisions\/62"}],"wp:attachment":[{"href":"https:\/\/bugaderiagarraf.com\/es\/wp-json\/wp\/v2\/media?parent=54"}],"curies":[{"name":"wp","href":"https:\/\/api.w.org\/{rel}","templated":true}]}}